{"id":1465,"date":"2025-01-18T16:03:51","date_gmt":"2025-01-18T16:03:51","guid":{"rendered":"https:\/\/nik-teacher.com\/contact\/"},"modified":"2026-01-15T13:13:19","modified_gmt":"2026-01-15T13:13:19","slug":"contact","status":"publish","type":"page","link":"https:\/\/nik-teacher.com\/en\/contact\/","title":{"rendered":"Contact"},"content":{"rendered":"<div data-elementor-type=\"wp-page\" data-elementor-id=\"1465\" class=\"elementor elementor-1465\">\n\t\t\t\t<div class=\"elementor-element elementor-element-4ad2dde e-flex e-con-boxed e-con e-parent\" data-id=\"4ad2dde\" data-element_type=\"container\" data-settings=\"{&quot;background_background&quot;:&quot;gradient&quot;}\">\n\t\t\t\t\t<div class=\"e-con-inner\">\n\t\t<div class=\"elementor-element elementor-element-89ed131 e-con-full e-flex e-con e-child\" data-id=\"89ed131\" data-element_type=\"container\">\n\t\t\t\t<div class=\"elementor-element elementor-element-d38ae42 elementor-widget elementor-widget-heading\" data-id=\"d38ae42\" data-element_type=\"widget\" data-widget_type=\"heading.default\">\n\t\t\t\t<div class=\"elementor-widget-container\">\n\t\t\t\t\t<h1 class=\"elementor-heading-title elementor-size-default\">Book your first lesson today!<\/h1>\t\t\t\t<\/div>\n\t\t\t\t<\/div>\n\t\t\t\t<\/div>\n\t\t\t\t\t<\/div>\n\t\t\t\t<\/div>\n\t\t<div class=\"elementor-element elementor-element-c125c9b e-grid e-con-boxed e-con e-parent\" data-id=\"c125c9b\" data-element_type=\"container\">\n\t\t\t\t\t<div class=\"e-con-inner\">\n\t\t\t\t<div class=\"elementor-element elementor-element-fba6dd3 elementor-widget elementor-widget-heading\" data-id=\"fba6dd3\" data-element_type=\"widget\" data-widget_type=\"heading.default\">\n\t\t\t\t<div class=\"elementor-widget-container\">\n\t\t\t\t\t<h2 class=\"elementor-heading-title elementor-size-default\">Contact<\/h2>\t\t\t\t<\/div>\n\t\t\t\t<\/div>\n\t\t\t\t<div class=\"elementor-element elementor-element-e6014b0 elementor-shape-rounded elementor-grid-0 e-grid-align-center elementor-widget elementor-widget-social-icons\" data-id=\"e6014b0\" data-element_type=\"widget\" data-widget_type=\"social-icons.default\">\n\t\t\t\t<div class=\"elementor-widget-container\">\n\t\t\t\t\t\t\t<div class=\"elementor-social-icons-wrapper elementor-grid\" role=\"list\">\n\t\t\t\t\t\t\t<span class=\"elementor-grid-item\" role=\"listitem\">\n\t\t\t\t\t<a class=\"elementor-icon elementor-social-icon elementor-social-icon-whatsapp elementor-repeater-item-69d2880\" href=\"https:\/\/wa.me\/+48459333703\" target=\"_blank\">\n\t\t\t\t\t\t<span class=\"elementor-screen-only\">Whatsapp<\/span>\n\t\t\t\t\t\t<svg aria-hidden=\"true\" class=\"e-font-icon-svg e-fab-whatsapp\" viewbox=\"0 0 448 512\" xmlns=\"http:\/\/www.w3.org\/2000\/svg\"><path d=\"M380.9 97.1C339 55.1 283.2 32 223.9 32c-122.4 0-222 99.6-222 222 0 39.1 10.2 77.3 29.6 111L0 480l117.7-30.9c32.4 17.7 68.9 27 106.1 27h.1c122.3 0 224.1-99.6 224.1-222 0-59.3-25.2-115-67.1-157zm-157 341.6c-33.2 0-65.7-8.9-94-25.7l-6.7-4-69.8 18.3L72 359.2l-4.4-7c-18.5-29.4-28.2-63.3-28.2-98.2 0-101.7 82.8-184.5 184.6-184.5 49.3 0 95.6 19.2 130.4 54.1 34.8 34.9 56.2 81.2 56.1 130.5 0 101.8-84.9 184.6-186.6 184.6zm101.2-138.2c-5.5-2.8-32.8-16.2-37.9-18-5.1-1.9-8.8-2.8-12.5 2.8-3.7 5.6-14.3 18-17.6 21.8-3.2 3.7-6.5 4.2-12 1.4-32.6-16.3-54-29.1-75.5-66-5.7-9.8 5.7-9.1 16.3-30.3 1.8-3.7.9-6.9-.5-9.7-1.4-2.8-12.5-30.1-17.1-41.2-4.5-10.8-9.1-9.3-12.5-9.5-3.2-.2-6.9-.2-10.6-.2-3.7 0-9.7 1.4-14.8 6.9-5.1 5.6-19.4 19-19.4 46.3 0 27.3 19.9 53.7 22.6 57.4 2.8 3.7 39.1 59.7 94.8 83.8 35.2 15.2 49 16.5 66.6 13.9 10.7-1.6 32.8-13.4 37.4-26.4 4.6-13 4.6-24.1 3.2-26.4-1.3-2.5-5-3.9-10.5-6.6z\"><\/path><\/svg>\t\t\t\t\t<\/a>\n\t\t\t\t<\/span>\n\t\t\t\t\t\t\t<span class=\"elementor-grid-item\" role=\"listitem\">\n\t\t\t\t\t<a class=\"elementor-icon elementor-social-icon elementor-social-icon-facebook elementor-repeater-item-787c7f0\" href=\"https:\/\/www.facebook.com\/profile.php?id=61571913159255\" target=\"_blank\">\n\t\t\t\t\t\t<span class=\"elementor-screen-only\">Facebook<\/span>\n\t\t\t\t\t\t<svg aria-hidden=\"true\" class=\"e-font-icon-svg e-fab-facebook\" viewbox=\"0 0 512 512\" xmlns=\"http:\/\/www.w3.org\/2000\/svg\"><path d=\"M504 256C504 119 393 8 256 8S8 119 8 256c0 123.78 90.69 226.38 209.25 245V327.69h-63V256h63v-54.64c0-62.15 37-96.48 93.67-96.48 27.14 0 55.52 4.84 55.52 4.84v61h-31.28c-30.8 0-40.41 19.12-40.41 38.73V256h68.78l-11 71.69h-57.78V501C413.31 482.38 504 379.78 504 256z\"><\/path><\/svg>\t\t\t\t\t<\/a>\n\t\t\t\t<\/span>\n\t\t\t\t\t\t\t<span class=\"elementor-grid-item\" role=\"listitem\">\n\t\t\t\t\t<a class=\"elementor-icon elementor-social-icon elementor-social-icon-linkedin elementor-repeater-item-3c63e7d\" href=\"https:\/\/www.linkedin.com\/in\/nick-cox-33092379\/\" target=\"_blank\">\n\t\t\t\t\t\t<span class=\"elementor-screen-only\">Linkedin<\/span>\n\t\t\t\t\t\t<svg aria-hidden=\"true\" class=\"e-font-icon-svg e-fab-linkedin\" viewbox=\"0 0 448 512\" xmlns=\"http:\/\/www.w3.org\/2000\/svg\"><path d=\"M416 32H31.9C14.3 32 0 46.5 0 64.3v383.4C0 465.5 14.3 480 31.9 480H416c17.6 0 32-14.5 32-32.3V64.3c0-17.8-14.4-32.3-32-32.3zM135.4 416H69V202.2h66.5V416zm-33.2-243c-21.3 0-38.5-17.3-38.5-38.5S80.9 96 102.2 96c21.2 0 38.5 17.3 38.5 38.5 0 21.3-17.2 38.5-38.5 38.5zm282.1 243h-66.4V312c0-24.8-.5-56.7-34.5-56.7-34.6 0-39.9 27-39.9 54.9V416h-66.4V202.2h63.7v29.2h.9c8.9-16.8 30.6-34.5 62.9-34.5 67.2 0 79.7 44.3 79.7 101.9V416z\"><\/path><\/svg>\t\t\t\t\t<\/a>\n\t\t\t\t<\/span>\n\t\t\t\t\t\t\t<span class=\"elementor-grid-item\" role=\"listitem\">\n\t\t\t\t\t<a class=\"elementor-icon elementor-social-icon elementor-social-icon-instagram elementor-repeater-item-f701be4\" href=\"https:\/\/www.instagram.com\/nikteacher\/\" target=\"_blank\">\n\t\t\t\t\t\t<span class=\"elementor-screen-only\">Instagram<\/span>\n\t\t\t\t\t\t<svg aria-hidden=\"true\" class=\"e-font-icon-svg e-fab-instagram\" viewbox=\"0 0 448 512\" xmlns=\"http:\/\/www.w3.org\/2000\/svg\"><path d=\"M224.1 141c-63.6 0-114.9 51.3-114.9 114.9s51.3 114.9 114.9 114.9S339 319.5 339 255.9 287.7 141 224.1 141zm0 189.6c-41.1 0-74.7-33.5-74.7-74.7s33.5-74.7 74.7-74.7 74.7 33.5 74.7 74.7-33.6 74.7-74.7 74.7zm146.4-194.3c0 14.9-12 26.8-26.8 26.8-14.9 0-26.8-12-26.8-26.8s12-26.8 26.8-26.8 26.8 12 26.8 26.8zm76.1 27.2c-1.7-35.9-9.9-67.7-36.2-93.9-26.2-26.2-58-34.4-93.9-36.2-37-2.1-147.9-2.1-184.9 0-35.8 1.7-67.6 9.9-93.9 36.1s-34.4 58-36.2 93.9c-2.1 37-2.1 147.9 0 184.9 1.7 35.9 9.9 67.7 36.2 93.9s58 34.4 93.9 36.2c37 2.1 147.9 2.1 184.9 0 35.9-1.7 67.7-9.9 93.9-36.2 26.2-26.2 34.4-58 36.2-93.9 2.1-37 2.1-147.8 0-184.8zM398.8 388c-7.8 19.6-22.9 34.7-42.6 42.6-29.5 11.7-99.5 9-132.1 9s-102.7 2.6-132.1-9c-19.6-7.8-34.7-22.9-42.6-42.6-11.7-29.5-9-99.5-9-132.1s-2.6-102.7 9-132.1c7.8-19.6 22.9-34.7 42.6-42.6 29.5-11.7 99.5-9 132.1-9s102.7-2.6 132.1 9c19.6 7.8 34.7 22.9 42.6 42.6 11.7 29.5 9 99.5 9 132.1s2.7 102.7-9 132.1z\"><\/path><\/svg>\t\t\t\t\t<\/a>\n\t\t\t\t<\/span>\n\t\t\t\t\t\t\t<span class=\"elementor-grid-item\" role=\"listitem\">\n\t\t\t\t\t<a class=\"elementor-icon elementor-social-icon elementor-social-icon-wordpress elementor-repeater-item-468d7d8\" target=\"_blank\">\n\t\t\t\t\t\t<span class=\"elementor-screen-only\">WordPress<\/span>\n\t\t\t\t\t\t<svg aria-hidden=\"true\" class=\"e-font-icon-svg e-fab-wordpress\" viewbox=\"0 0 512 512\" xmlns=\"http:\/\/www.w3.org\/2000\/svg\"><path d=\"M61.7 169.4l101.5 278C92.2 413 43.3 340.2 43.3 256c0-30.9 6.6-60.1 18.4-86.6zm337.9 75.9c0-26.3-9.4-44.5-17.5-58.7-10.8-17.5-20.9-32.4-20.9-49.9 0-19.6 14.8-37.8 35.7-37.8.9 0 1.8.1 2.8.2-37.9-34.7-88.3-55.9-143.7-55.9-74.3 0-139.7 38.1-177.8 95.9 5 .2 9.7.3 13.7.3 22.2 0 56.7-2.7 56.7-2.7 11.5-.7 12.8 16.2 1.4 17.5 0 0-11.5 1.3-24.3 2l77.5 230.4L249.8 247l-33.1-90.8c-11.5-.7-22.3-2-22.3-2-11.5-.7-10.1-18.2 1.3-17.5 0 0 35.1 2.7 56 2.7 22.2 0 56.7-2.7 56.7-2.7 11.5-.7 12.8 16.2 1.4 17.5 0 0-11.5 1.3-24.3 2l76.9 228.7 21.2-70.9c9-29.4 16-50.5 16-68.7zm-139.9 29.3l-63.8 185.5c19.1 5.6 39.2 8.7 60.1 8.7 24.8 0 48.5-4.3 70.6-12.1-.6-.9-1.1-1.9-1.5-2.9l-65.4-179.2zm183-120.7c.9 6.8 1.4 14 1.4 21.9 0 21.6-4 45.8-16.2 76.2l-65 187.9C426.2 403 468.7 334.5 468.7 256c0-37-9.4-71.8-26-102.1zM504 256c0 136.8-111.3 248-248 248C119.2 504 8 392.7 8 256 8 119.2 119.2 8 256 8c136.7 0 248 111.2 248 248zm-11.4 0c0-130.5-106.2-236.6-236.6-236.6C125.5 19.4 19.4 125.5 19.4 256S125.6 492.6 256 492.6c130.5 0 236.6-106.1 236.6-236.6z\"><\/path><\/svg>\t\t\t\t\t<\/a>\n\t\t\t\t<\/span>\n\t\t\t\t\t<\/div>\n\t\t\t\t\t\t<\/div>\n\t\t\t\t<\/div>\n\t\t\t\t\t<\/div>\n\t\t\t\t<\/div>\n\t\t<div class=\"elementor-element elementor-element-6d0befb e-grid e-con-boxed e-con e-parent\" data-id=\"6d0befb\" data-element_type=\"container\">\n\t\t\t\t\t<div class=\"e-con-inner\">\n\t\t\t\t<div class=\"elementor-element elementor-element-0f86290 elementor-widget elementor-widget-image\" data-id=\"0f86290\" data-element_type=\"widget\" data-widget_type=\"image.default\">\n\t\t\t\t<div class=\"elementor-widget-container\">\n\t\t\t\t\t\t\t\t\t\t\t\t\t\t\t<img fetchpriority=\"high\" decoding=\"async\" width=\"1024\" height=\"683\" src=\"https:\/\/nik-teacher.com\/wp-content\/uploads\/2025\/01\/pexels-photo-221166-221166-1024x683.jpg\" class=\"attachment-large size-large wp-image-1656\" alt=\"Classic red telephone booth with Big Ben in the background, symbolizing London.\" srcset=\"https:\/\/nik-teacher.com\/wp-content\/uploads\/2025\/01\/pexels-photo-221166-221166-1024x683.jpg 1024w, https:\/\/nik-teacher.com\/wp-content\/uploads\/2025\/01\/pexels-photo-221166-221166-300x200.jpg 300w, https:\/\/nik-teacher.com\/wp-content\/uploads\/2025\/01\/pexels-photo-221166-221166-768x512.jpg 768w, https:\/\/nik-teacher.com\/wp-content\/uploads\/2025\/01\/pexels-photo-221166-221166-1536x1024.jpg 1536w, https:\/\/nik-teacher.com\/wp-content\/uploads\/2025\/01\/pexels-photo-221166-221166-2048x1365.jpg 2048w\" sizes=\"(max-width: 1024px) 100vw, 1024px\" \/>\t\t\t\t\t\t\t\t\t\t\t\t\t\t\t<\/div>\n\t\t\t\t<\/div>\n\t\t\t\t<div class=\"elementor-element elementor-element-9f7133d elementor-widget elementor-widget-heading\" data-id=\"9f7133d\" data-element_type=\"widget\" data-widget_type=\"heading.default\">\n\t\t\t\t<div class=\"elementor-widget-container\">\n\t\t\t\t\t<h4 class=\"elementor-heading-title elementor-size-default\"><b>Telephone:<br><\/b> +48 459 333 703<br> (Rozmowa po angielsku)\n<br><br>\nE-mail:<br> nikteacher@gmail.com<\/h4>\t\t\t\t<\/div>\n\t\t\t\t<\/div>\n\t\t\t\t<div class=\"elementor-element elementor-element-4641b33 elementor-widget elementor-widget-image\" data-id=\"4641b33\" data-element_type=\"widget\" data-widget_type=\"image.default\">\n\t\t\t\t<div class=\"elementor-widget-container\">\n\t\t\t\t\t\t\t\t\t\t\t\t\t\t\t<img decoding=\"async\" width=\"1024\" height=\"691\" src=\"https:\/\/nik-teacher.com\/wp-content\/uploads\/2025\/01\/WhatsApp-Image-2025-01-17-at-10.27.19-1024x691.jpeg\" class=\"attachment-large size-large wp-image-1435\" alt=\"\" srcset=\"https:\/\/nik-teacher.com\/wp-content\/uploads\/2025\/01\/WhatsApp-Image-2025-01-17-at-10.27.19-1024x691.jpeg 1024w, https:\/\/nik-teacher.com\/wp-content\/uploads\/2025\/01\/WhatsApp-Image-2025-01-17-at-10.27.19-300x202.jpeg 300w, https:\/\/nik-teacher.com\/wp-content\/uploads\/2025\/01\/WhatsApp-Image-2025-01-17-at-10.27.19-768x518.jpeg 768w, https:\/\/nik-teacher.com\/wp-content\/uploads\/2025\/01\/WhatsApp-Image-2025-01-17-at-10.27.19-1536x1036.jpeg 1536w, https:\/\/nik-teacher.com\/wp-content\/uploads\/2025\/01\/WhatsApp-Image-2025-01-17-at-10.27.19.jpeg 1600w\" sizes=\"(max-width: 1024px) 100vw, 1024px\" \/>\t\t\t\t\t\t\t\t\t\t\t\t\t\t\t<\/div>\n\t\t\t\t<\/div>\n\t\t\t\t<div class=\"elementor-element elementor-element-a5e5417 elementor-widget elementor-widget-heading\" data-id=\"a5e5417\" data-element_type=\"widget\" data-widget_type=\"heading.default\">\n\t\t\t\t<div class=\"elementor-widget-container\">\n\t\t\t\t\t<h4 class=\"elementor-heading-title elementor-size-default\">Spacerowa 32, <br>\n44-310 Radlin<\/h4>\t\t\t\t<\/div>\n\t\t\t\t<\/div>\n\t\t\t\t\t<\/div>\n\t\t\t\t<\/div>\n\t\t<div class=\"elementor-element elementor-element-2337382 e-con-full e-flex e-con e-parent\" data-id=\"2337382\" data-element_type=\"container\">\n\t\t\t\t<div class=\"elementor-element elementor-element-8df6b31 elementor-widget elementor-widget-google_maps\" data-id=\"8df6b31\" data-element_type=\"widget\" data-widget_type=\"google_maps.default\">\n\t\t\t\t<div class=\"elementor-widget-container\">\n\t\t\t\t\t\t\t<div class=\"elementor-custom-embed\">\n\t\t\t<iframe loading=\"lazy\"\n\t\t\t\t\tsrc=\"https:\/\/maps.google.com\/maps?q=Nicholas%20Cox%2C%20spacerowa%2032&#038;t=m&#038;z=11&#038;output=embed&#038;iwloc=near\"\n\t\t\t\t\ttitle=\"Nicholas Cox, spacerowa 32\"\n\t\t\t\t\taria-label=\"Nicholas Cox, spacerowa 32\"\n\t\t\t><\/iframe>\n\t\t<\/div>\n\t\t\t\t\t\t<\/div>\n\t\t\t\t<\/div>\n\t\t\t\t<\/div>\n\t\t<div class=\"elementor-element elementor-element-4e38859 e-flex e-con-boxed e-con e-parent\" data-id=\"4e38859\" data-element_type=\"container\">\n\t\t\t\t\t<div class=\"e-con-inner\">\n\t\t\t\t\t<\/div>\n\t\t\t\t<\/div>\n\t\t\t\t<\/div>","protected":false},"excerpt":{"rendered":"<p>Um\u00f3w si\u0119 na swoj\u0105 pierwsz\u0105 lekcj\u0119! Kontakt Whatsapp Facebook Linkedin Instagram Wordpress Telefon: +48 459 333 703 (Rozmowa po angielsku) E-mail: nikteacher@gmail.com Spacerowa 32, 44-310 Radlin<\/p>","protected":false},"author":1,"featured_media":0,"parent":0,"menu_order":0,"comment_status":"closed","ping_status":"closed","template":"","meta":{"site-sidebar-layout":"no-sidebar","site-content-layout":"page-builder","ast-site-content-layout":"full-width-container","site-content-style":"unboxed","site-sidebar-style":"unboxed","ast-global-header-display":"","ast-banner-title-visibility":"","ast-main-header-display":"","ast-hfb-above-header-display":"","ast-hfb-below-header-display":"","ast-hfb-mobile-header-display":"","site-post-title":"disabled","ast-breadcrumbs-content":"disabled","ast-featured-img":"disabled","footer-sml-layout":"","theme-transparent-header-meta":"enabled","adv-header-id-meta":"","stick-header-meta":"","header-above-stick-meta":"","header-main-stick-meta":"","header-below-stick-meta":"","astra-migrate-meta-layouts":"set","ast-page-background-enabled":"default","ast-page-background-meta":{"desktop":{"background-color":"","background-image":"","background-repeat":"repeat","background-position":"center center","background-size":"auto","background-attachment":"scroll","background-type":"","background-media":"","overlay-type":"","overlay-color":"","overlay-opacity":"","overlay-gradient":""},"tablet":{"background-color":"","background-image":"","background-repeat":"repeat","background-position":"center center","background-size":"auto","background-attachment":"scroll","background-type":"","background-media":"","overlay-type":"","overlay-color":"","overlay-opacity":"","overlay-gradient":""},"mobile":{"background-color":"","background-image":"","background-repeat":"repeat","background-position":"center center","background-size":"auto","background-attachment":"scroll","background-type":"","background-media":"","overlay-type":"","overlay-color":"","overlay-opacity":"","overlay-gradient":""}},"ast-content-background-meta":{"desktop":{"background-color":"var(--ast-global-color-5)","background-image":"","background-repeat":"repeat","background-position":"center center","background-size":"auto","background-attachment":"scroll","background-type":"","background-media":"","overlay-type":"","overlay-color":"","overlay-opacity":"","overlay-gradient":""},"tablet":{"background-color":"var(--ast-global-color-5)","background-image":"","background-repeat":"repeat","background-position":"center center","background-size":"auto","background-attachment":"scroll","background-type":"","background-media":"","overlay-type":"","overlay-color":"","overlay-opacity":"","overlay-gradient":""},"mobile":{"background-color":"var(--ast-global-color-5)","background-image":"","background-repeat":"repeat","background-position":"center center","background-size":"auto","background-attachment":"scroll","background-type":"","background-media":"","overlay-type":"","overlay-color":"","overlay-opacity":"","overlay-gradient":""}},"footnotes":""},"class_list":["post-1465","page","type-page","status-publish","hentry"],"yoast_head":"<!-- This site is optimized with the Yoast SEO plugin v25.1 - https:\/\/yoast.com\/wordpress\/plugins\/seo\/ -->\n<title>Kontakt - nik-teacher<\/title>\n<meta name=\"robots\" content=\"index, follow, max-snippet:-1, max-image-preview:large, max-video-preview:-1\" \/>\n<link rel=\"canonical\" href=\"https:\/\/nik-teacher.com\/en\/contact\/\" \/>\n<meta property=\"og:locale\" content=\"en_GB\" \/>\n<meta property=\"og:type\" content=\"article\" \/>\n<meta property=\"og:title\" content=\"Kontakt - nik-teacher\" \/>\n<meta property=\"og:description\" content=\"Um\u00f3w si\u0119 na swoj\u0105 pierwsz\u0105 lekcj\u0119! Kontakt Whatsapp Facebook Linkedin Instagram Wordpress Telefon: +48 459 333 703 (Rozmowa po angielsku) E-mail: nikteacher@gmail.com Spacerowa 32, 44-310 Radlin\" \/>\n<meta property=\"og:url\" content=\"https:\/\/nik-teacher.com\/en\/contact\/\" \/>\n<meta property=\"og:site_name\" content=\"nik-teacher\" \/>\n<meta property=\"article:publisher\" content=\"https:\/\/www.facebook.com\/profile.php?id=61571913159255\" \/>\n<meta property=\"article:modified_time\" content=\"2026-01-15T13:13:19+00:00\" \/>\n<meta property=\"og:image\" content=\"https:\/\/nik-teacher.com\/wp-content\/uploads\/2025\/01\/pexels-photo-221166-221166-scaled.jpg\" \/>\n\t<meta property=\"og:image:width\" content=\"2560\" \/>\n\t<meta property=\"og:image:height\" content=\"1707\" \/>\n\t<meta property=\"og:image:type\" content=\"image\/jpeg\" \/>\n<meta name=\"twitter:card\" content=\"summary_large_image\" \/>\n<meta name=\"twitter:label1\" content=\"Estimated reading time\" \/>\n\t<meta name=\"twitter:data1\" content=\"1 minute\" \/>\n<script type=\"application\/ld+json\" class=\"yoast-schema-graph\">{\"@context\":\"https:\/\/schema.org\",\"@graph\":[{\"@type\":\"WebPage\",\"@id\":\"https:\/\/nik-teacher.com\/contact\/\",\"url\":\"https:\/\/nik-teacher.com\/contact\/\",\"name\":\"Kontakt - nik-teacher\",\"isPartOf\":{\"@id\":\"https:\/\/nik-teacher.com\/#website\"},\"primaryImageOfPage\":{\"@id\":\"https:\/\/nik-teacher.com\/contact\/#primaryimage\"},\"image\":{\"@id\":\"https:\/\/nik-teacher.com\/contact\/#primaryimage\"},\"thumbnailUrl\":\"https:\/\/nik-teacher.com\/wp-content\/uploads\/2025\/01\/pexels-photo-221166-221166-1024x683.jpg\",\"datePublished\":\"2025-01-18T16:03:51+00:00\",\"dateModified\":\"2026-01-15T13:13:19+00:00\",\"breadcrumb\":{\"@id\":\"https:\/\/nik-teacher.com\/contact\/#breadcrumb\"},\"inLanguage\":\"en-GB\",\"potentialAction\":[{\"@type\":\"ReadAction\",\"target\":[\"https:\/\/nik-teacher.com\/contact\/\"]}]},{\"@type\":\"ImageObject\",\"inLanguage\":\"en-GB\",\"@id\":\"https:\/\/nik-teacher.com\/contact\/#primaryimage\",\"url\":\"https:\/\/nik-teacher.com\/wp-content\/uploads\/2025\/01\/pexels-photo-221166-221166-1024x683.jpg\",\"contentUrl\":\"https:\/\/nik-teacher.com\/wp-content\/uploads\/2025\/01\/pexels-photo-221166-221166-1024x683.jpg\"},{\"@type\":\"BreadcrumbList\",\"@id\":\"https:\/\/nik-teacher.com\/contact\/#breadcrumb\",\"itemListElement\":[{\"@type\":\"ListItem\",\"position\":1,\"name\":\"Strona g\u0142\u00f3wna\",\"item\":\"https:\/\/nik-teacher.com\/\"},{\"@type\":\"ListItem\",\"position\":2,\"name\":\"Kontakt\"}]},{\"@type\":\"WebSite\",\"@id\":\"https:\/\/nik-teacher.com\/#website\",\"url\":\"https:\/\/nik-teacher.com\/\",\"name\":\"nik-teacher\",\"description\":\"\",\"publisher\":{\"@id\":\"https:\/\/nik-teacher.com\/#organization\"},\"potentialAction\":[{\"@type\":\"SearchAction\",\"target\":{\"@type\":\"EntryPoint\",\"urlTemplate\":\"https:\/\/nik-teacher.com\/?s={search_term_string}\"},\"query-input\":{\"@type\":\"PropertyValueSpecification\",\"valueRequired\":true,\"valueName\":\"search_term_string\"}}],\"inLanguage\":\"en-GB\"},{\"@type\":\"Organization\",\"@id\":\"https:\/\/nik-teacher.com\/#organization\",\"name\":\"nik-teacher\",\"url\":\"https:\/\/nik-teacher.com\/\",\"logo\":{\"@type\":\"ImageObject\",\"inLanguage\":\"en-GB\",\"@id\":\"https:\/\/nik-teacher.com\/#\/schema\/logo\/image\/\",\"url\":\"https:\/\/nik-teacher.com\/wp-content\/uploads\/2025\/01\/cropped-nicholas-cox.jpg\",\"contentUrl\":\"https:\/\/nik-teacher.com\/wp-content\/uploads\/2025\/01\/cropped-nicholas-cox.jpg\",\"width\":500,\"height\":430,\"caption\":\"nik-teacher\"},\"image\":{\"@id\":\"https:\/\/nik-teacher.com\/#\/schema\/logo\/image\/\"},\"sameAs\":[\"https:\/\/www.facebook.com\/profile.php?id=61571913159255\",\"https:\/\/www.instagram.com\/nikteacher\/\"]}]}<\/script>\n<!-- \/ Yoast SEO plugin. -->","yoast_head_json":{"title":"Kontakt - nik-teacher","robots":{"index":"index","follow":"follow","max-snippet":"max-snippet:-1","max-image-preview":"max-image-preview:large","max-video-preview":"max-video-preview:-1"},"canonical":"https:\/\/nik-teacher.com\/en\/contact\/","og_locale":"en_GB","og_type":"article","og_title":"Kontakt - nik-teacher","og_description":"Um\u00f3w si\u0119 na swoj\u0105 pierwsz\u0105 lekcj\u0119! Kontakt Whatsapp Facebook Linkedin Instagram Wordpress Telefon: +48 459 333 703 (Rozmowa po angielsku) E-mail: nikteacher@gmail.com Spacerowa 32, 44-310 Radlin","og_url":"https:\/\/nik-teacher.com\/en\/contact\/","og_site_name":"nik-teacher","article_publisher":"https:\/\/www.facebook.com\/profile.php?id=61571913159255","article_modified_time":"2026-01-15T13:13:19+00:00","og_image":[{"width":2560,"height":1707,"url":"https:\/\/nik-teacher.com\/wp-content\/uploads\/2025\/01\/pexels-photo-221166-221166-scaled.jpg","type":"image\/jpeg"}],"twitter_card":"summary_large_image","twitter_misc":{"Estimated reading time":"1 minute"},"schema":{"@context":"https:\/\/schema.org","@graph":[{"@type":"WebPage","@id":"https:\/\/nik-teacher.com\/contact\/","url":"https:\/\/nik-teacher.com\/contact\/","name":"Kontakt - nik-teacher","isPartOf":{"@id":"https:\/\/nik-teacher.com\/#website"},"primaryImageOfPage":{"@id":"https:\/\/nik-teacher.com\/contact\/#primaryimage"},"image":{"@id":"https:\/\/nik-teacher.com\/contact\/#primaryimage"},"thumbnailUrl":"https:\/\/nik-teacher.com\/wp-content\/uploads\/2025\/01\/pexels-photo-221166-221166-1024x683.jpg","datePublished":"2025-01-18T16:03:51+00:00","dateModified":"2026-01-15T13:13:19+00:00","breadcrumb":{"@id":"https:\/\/nik-teacher.com\/contact\/#breadcrumb"},"inLanguage":"en-GB","potentialAction":[{"@type":"ReadAction","target":["https:\/\/nik-teacher.com\/contact\/"]}]},{"@type":"ImageObject","inLanguage":"en-GB","@id":"https:\/\/nik-teacher.com\/contact\/#primaryimage","url":"https:\/\/nik-teacher.com\/wp-content\/uploads\/2025\/01\/pexels-photo-221166-221166-1024x683.jpg","contentUrl":"https:\/\/nik-teacher.com\/wp-content\/uploads\/2025\/01\/pexels-photo-221166-221166-1024x683.jpg"},{"@type":"BreadcrumbList","@id":"https:\/\/nik-teacher.com\/contact\/#breadcrumb","itemListElement":[{"@type":"ListItem","position":1,"name":"Strona g\u0142\u00f3wna","item":"https:\/\/nik-teacher.com\/"},{"@type":"ListItem","position":2,"name":"Kontakt"}]},{"@type":"WebSite","@id":"https:\/\/nik-teacher.com\/#website","url":"https:\/\/nik-teacher.com\/","name":"nik-teacher","description":"","publisher":{"@id":"https:\/\/nik-teacher.com\/#organization"},"potentialAction":[{"@type":"SearchAction","target":{"@type":"EntryPoint","urlTemplate":"https:\/\/nik-teacher.com\/?s={search_term_string}"},"query-input":{"@type":"PropertyValueSpecification","valueRequired":true,"valueName":"search_term_string"}}],"inLanguage":"en-GB"},{"@type":"Organization","@id":"https:\/\/nik-teacher.com\/#organization","name":"nik-teacher","url":"https:\/\/nik-teacher.com\/","logo":{"@type":"ImageObject","inLanguage":"en-GB","@id":"https:\/\/nik-teacher.com\/#\/schema\/logo\/image\/","url":"https:\/\/nik-teacher.com\/wp-content\/uploads\/2025\/01\/cropped-nicholas-cox.jpg","contentUrl":"https:\/\/nik-teacher.com\/wp-content\/uploads\/2025\/01\/cropped-nicholas-cox.jpg","width":500,"height":430,"caption":"nik-teacher"},"image":{"@id":"https:\/\/nik-teacher.com\/#\/schema\/logo\/image\/"},"sameAs":["https:\/\/www.facebook.com\/profile.php?id=61571913159255","https:\/\/www.instagram.com\/nikteacher\/"]}]}},"_links":{"self":[{"href":"https:\/\/nik-teacher.com\/en\/wp-json\/wp\/v2\/pages\/1465","targetHints":{"allow":["GET"]}}],"collection":[{"href":"https:\/\/nik-teacher.com\/en\/wp-json\/wp\/v2\/pages"}],"about":[{"href":"https:\/\/nik-teacher.com\/en\/wp-json\/wp\/v2\/types\/page"}],"author":[{"embeddable":true,"href":"https:\/\/nik-teacher.com\/en\/wp-json\/wp\/v2\/users\/1"}],"replies":[{"embeddable":true,"href":"https:\/\/nik-teacher.com\/en\/wp-json\/wp\/v2\/comments?post=1465"}],"version-history":[{"count":193,"href":"https:\/\/nik-teacher.com\/en\/wp-json\/wp\/v2\/pages\/1465\/revisions"}],"predecessor-version":[{"id":2279,"href":"https:\/\/nik-teacher.com\/en\/wp-json\/wp\/v2\/pages\/1465\/revisions\/2279"}],"wp:attachment":[{"href":"https:\/\/nik-teacher.com\/en\/wp-json\/wp\/v2\/media?parent=1465"}],"curies":[{"name":"wp","href":"https:\/\/api.w.org\/{rel}","templated":true}]}}