{"id":133,"date":"2025-01-18T16:03:51","date_gmt":"2025-01-18T16:03:51","guid":{"rendered":"https:\/\/nik-teacher.com\/our-teachers\/"},"modified":"2025-01-28T07:17:05","modified_gmt":"2025-01-28T07:17:05","slug":"faq","status":"publish","type":"page","link":"https:\/\/nik-teacher.com\/en\/faq\/","title":{"rendered":"FAQ"},"content":{"rendered":"<div data-elementor-type=\"wp-page\" data-elementor-id=\"133\" class=\"elementor elementor-133\">\n\t\t\t\t<div class=\"elementor-element elementor-element-be75d6f e-flex e-con-boxed e-con e-parent\" data-id=\"be75d6f\" data-element_type=\"container\">\n\t\t\t\t\t<div class=\"e-con-inner\">\n\t\t\t\t<div class=\"elementor-element elementor-element-5db292f elementor-widget elementor-widget-heading\" data-id=\"5db292f\" data-element_type=\"widget\" data-widget_type=\"heading.default\">\n\t\t\t\t<div class=\"elementor-widget-container\">\n\t\t\t\t\t<h2 class=\"elementor-heading-title elementor-size-default\">Frequently asked questions!<\/h2>\t\t\t\t<\/div>\n\t\t\t\t<\/div>\n\t\t\t\t<div class=\"elementor-element elementor-element-7c16c7f elementor-widget elementor-widget-text-editor\" data-id=\"7c16c7f\" data-element_type=\"widget\" data-widget_type=\"text-editor.default\">\n\t\t\t\t<div class=\"elementor-widget-container\">\n\t\t\t\t\t\t\t\t\t<p><b>What materials do you use?<\/b><br>For face-to-face lessons, I have a wide range of books covering different varieties of English, as well as games designed or suitable for language learning. For online lessons, I have a wide range of PDFs, audio recordings and online activities. You can see examples of my materials in the slideshow on the offer page.<\/p>\n<p><b>Do you speak Polish?<\/b><br>Unfortunately, my vocabulary is currently better than my speaking skills. Polish grammar is more difficult for English speakers to master, and fast speech can be very difficult to understand. For this reason, I prefer to teach students at A2 level and above, rather than beginners or A1 level. Besides, lessons conducted entirely in English are much better practice!<\/p>\n<p><b>Will I have homework?<\/b><br>Homework is absolutely essential for practice. Without it, you will not improve your fluency and you may forget what you have learned. However, if you do not want homework, e.g. due to lack of time, you do not have to do it.<\/p>\n<p><b>How should I prepare for classes?<\/b><br>Please remember to bring your own pen and paper or have them on hand for online lessons, and remind your children to do this if they are taking part in the class. This is a good way to show preparation, initiative, and the ability to take notes on your own without being reminded.<\/p>\n<p><b>Can I park at your house?<\/b><br>You can park in the driveway as long as you leave enough room for another car to pass you - my wife also needs to drive in and out. If the gate is closed, please do not block it on the street.<\/p>\n<p><b>Do you teach children?<\/b><br>That's more my wife's area of expertise than mine. I can refer you to her to discuss the possibility of lessons with your child. However, if your child has skills beyond the classroom level, I could certainly teach them. I have taught children who have returned from the UK and Ireland and found the level of English in Polish schools is too low for them.<\/p>\n<p><b>Do you teach during the summer?<\/b><br>Of course! Many American studies have shown that long school holidays can cause students to forget a lot of the material from the previous school year if they do not continue with at least a few lessons per week during the summer. This phenomenon is called \"summer learning loss\" and is particularly true for language learning. Adults should not stop learning during the summer, because their work rhythm does not change like that of children. So use it or forget it!<\/p>\n<p><b>What else can I do at home besides homework?<\/b><br>You can borrow books from my library of <u><a href=\"https:\/\/www.pearson.pl\/jezyk-angielski\/katalog\/inne-publikacje\/readersy-lektury-uproszczone#tabs%3Dtab-c2859\" target=\"_blank\" rel=\"noopener\">graded readers<\/a><\/u>, which are designed for students with different levels of English. You can also borrow children's books to read with your little ones. I also have PDF and audio versions for online students. If you want to practice listening, revise grammar or learn more about British culture, visit <u><a href=\"https:\/\/www.youtube.com\/@ImproveYourEnglishwithNick\" target=\"_blank\" rel=\"noopener\"> my YouTube channel<\/a><\/u> - I'm sure you'll find something useful and interesting there!<\/p>\n<p><strong>Do you have any dogs or cats?<\/strong><br>Yes, I have one small dog and two cats. They are all friendly towards strangers, although the dog barks when someone comes over. I keep them outside the classroom during lessons, but if they are likely to cause an allergic reaction, online lessons are a better option. If you decide to have in-person lessons, please make sure the gate is closed tightly as the dog can escape if he has the chance!<\/p>\t\t\t\t\t\t\t\t<\/div>\n\t\t\t\t<\/div>\n\t\t\t\t\t<\/div>\n\t\t\t\t<\/div>\n\t\t\t\t<\/div>","protected":false},"excerpt":{"rendered":"<p>Najcz\u0119\u015bciej zadawane pytania ! Jakich materia\u0142\u00f3w u\u017cywasz?Na lekcje stacjonarne mam szeroki wyb\u00f3r ksi\u0105\u017cek obejmuj\u0105cych r\u00f3\u017cne odmiany j\u0119zyka angielskiego, a tak\u017ce gry zaprojektowane lub odpowiednie do nauki j\u0119zyka. Na lekcje online dysponuj\u0119 bogatym zestawem plik\u00f3w PDF i nagra\u0144 audio, w tym zadaniami takimi jak to, kt\u00f3re mo\u017cna znale\u017a\u0107 na stronie g\u0142\u00f3wnej. Przyk\u0142ady mo\u017cna zobaczy\u0107 na pokazie [&hellip;]<\/p>","protected":false},"author":1,"featured_media":0,"parent":0,"menu_order":0,"comment_status":"closed","ping_status":"closed","template":"","meta":{"site-sidebar-layout":"no-sidebar","site-content-layout":"page-builder","ast-site-content-layout":"full-width-container","site-content-style":"unboxed","site-sidebar-style":"unboxed","ast-global-header-display":"","ast-banner-title-visibility":"","ast-main-header-display":"","ast-hfb-above-header-display":"","ast-hfb-below-header-display":"","ast-hfb-mobile-header-display":"","site-post-title":"disabled","ast-breadcrumbs-content":"disabled","ast-featured-img":"disabled","footer-sml-layout":"","theme-transparent-header-meta":"enabled","adv-header-id-meta":"","stick-header-meta":"","header-above-stick-meta":"","header-main-stick-meta":"","header-below-stick-meta":"","astra-migrate-meta-layouts":"set","ast-page-background-enabled":"default","ast-page-background-meta":{"desktop":{"background-color":"","background-image":"","background-repeat":"repeat","background-position":"center center","background-size":"auto","background-attachment":"scroll","background-type":"","background-media":"","overlay-type":"","overlay-color":"","overlay-opacity":"","overlay-gradient":""},"tablet":{"background-color":"","background-image":"","background-repeat":"repeat","background-position":"center center","background-size":"auto","background-attachment":"scroll","background-type":"","background-media":"","overlay-type":"","overlay-color":"","overlay-opacity":"","overlay-gradient":""},"mobile":{"background-color":"","background-image":"","background-repeat":"repeat","background-position":"center center","background-size":"auto","background-attachment":"scroll","background-type":"","background-media":"","overlay-type":"","overlay-color":"","overlay-opacity":"","overlay-gradient":""}},"ast-content-background-meta":{"desktop":{"background-color":"var(--ast-global-color-5)","background-image":"","background-repeat":"repeat","background-position":"center center","background-size":"auto","background-attachment":"scroll","background-type":"","background-media":"","overlay-type":"","overlay-color":"","overlay-opacity":"","overlay-gradient":""},"tablet":{"background-color":"var(--ast-global-color-5)","background-image":"","background-repeat":"repeat","background-position":"center center","background-size":"auto","background-attachment":"scroll","background-type":"","background-media":"","overlay-type":"","overlay-color":"","overlay-opacity":"","overlay-gradient":""},"mobile":{"background-color":"var(--ast-global-color-5)","background-image":"","background-repeat":"repeat","background-position":"center center","background-size":"auto","background-attachment":"scroll","background-type":"","background-media":"","overlay-type":"","overlay-color":"","overlay-opacity":"","overlay-gradient":""}},"footnotes":""},"class_list":["post-133","page","type-page","status-publish","hentry"],"yoast_head":"<!-- This site is optimized with the Yoast SEO plugin v25.1 - https:\/\/yoast.com\/wordpress\/plugins\/seo\/ -->\n<title>FAQ - nik-teacher<\/title>\n<meta name=\"robots\" content=\"index, follow, max-snippet:-1, max-image-preview:large, max-video-preview:-1\" \/>\n<link rel=\"canonical\" href=\"https:\/\/nik-teacher.com\/en\/faq\/\" \/>\n<meta property=\"og:locale\" content=\"en_GB\" \/>\n<meta property=\"og:type\" content=\"article\" \/>\n<meta property=\"og:title\" content=\"FAQ - nik-teacher\" \/>\n<meta property=\"og:description\" content=\"Najcz\u0119\u015bciej zadawane pytania ! Jakich materia\u0142\u00f3w u\u017cywasz?Na lekcje stacjonarne mam szeroki wyb\u00f3r ksi\u0105\u017cek obejmuj\u0105cych r\u00f3\u017cne odmiany j\u0119zyka angielskiego, a tak\u017ce gry zaprojektowane lub odpowiednie do nauki j\u0119zyka. Na lekcje online dysponuj\u0119 bogatym zestawem plik\u00f3w PDF i nagra\u0144 audio, w tym zadaniami takimi jak to, kt\u00f3re mo\u017cna znale\u017a\u0107 na stronie g\u0142\u00f3wnej. Przyk\u0142ady mo\u017cna zobaczy\u0107 na pokazie [&hellip;]\" \/>\n<meta property=\"og:url\" content=\"https:\/\/nik-teacher.com\/en\/faq\/\" \/>\n<meta property=\"og:site_name\" content=\"nik-teacher\" \/>\n<meta property=\"article:publisher\" content=\"https:\/\/www.facebook.com\/profile.php?id=61571913159255\" \/>\n<meta property=\"article:modified_time\" content=\"2025-01-28T07:17:05+00:00\" \/>\n<meta name=\"twitter:card\" content=\"summary_large_image\" \/>\n<meta name=\"twitter:label1\" content=\"Estimated reading time\" \/>\n\t<meta name=\"twitter:data1\" content=\"3 minutes\" \/>\n<script type=\"application\/ld+json\" class=\"yoast-schema-graph\">{\"@context\":\"https:\/\/schema.org\",\"@graph\":[{\"@type\":\"WebPage\",\"@id\":\"https:\/\/nik-teacher.com\/faq\/\",\"url\":\"https:\/\/nik-teacher.com\/faq\/\",\"name\":\"FAQ - nik-teacher\",\"isPartOf\":{\"@id\":\"https:\/\/nik-teacher.com\/#website\"},\"datePublished\":\"2025-01-18T16:03:51+00:00\",\"dateModified\":\"2025-01-28T07:17:05+00:00\",\"breadcrumb\":{\"@id\":\"https:\/\/nik-teacher.com\/faq\/#breadcrumb\"},\"inLanguage\":\"en-GB\",\"potentialAction\":[{\"@type\":\"ReadAction\",\"target\":[\"https:\/\/nik-teacher.com\/faq\/\"]}]},{\"@type\":\"BreadcrumbList\",\"@id\":\"https:\/\/nik-teacher.com\/faq\/#breadcrumb\",\"itemListElement\":[{\"@type\":\"ListItem\",\"position\":1,\"name\":\"Strona g\u0142\u00f3wna\",\"item\":\"https:\/\/nik-teacher.com\/\"},{\"@type\":\"ListItem\",\"position\":2,\"name\":\"FAQ\"}]},{\"@type\":\"WebSite\",\"@id\":\"https:\/\/nik-teacher.com\/#website\",\"url\":\"https:\/\/nik-teacher.com\/\",\"name\":\"nik-teacher\",\"description\":\"\",\"publisher\":{\"@id\":\"https:\/\/nik-teacher.com\/#organization\"},\"potentialAction\":[{\"@type\":\"SearchAction\",\"target\":{\"@type\":\"EntryPoint\",\"urlTemplate\":\"https:\/\/nik-teacher.com\/?s={search_term_string}\"},\"query-input\":{\"@type\":\"PropertyValueSpecification\",\"valueRequired\":true,\"valueName\":\"search_term_string\"}}],\"inLanguage\":\"en-GB\"},{\"@type\":\"Organization\",\"@id\":\"https:\/\/nik-teacher.com\/#organization\",\"name\":\"nik-teacher\",\"url\":\"https:\/\/nik-teacher.com\/\",\"logo\":{\"@type\":\"ImageObject\",\"inLanguage\":\"en-GB\",\"@id\":\"https:\/\/nik-teacher.com\/#\/schema\/logo\/image\/\",\"url\":\"https:\/\/nik-teacher.com\/wp-content\/uploads\/2025\/01\/cropped-nicholas-cox.jpg\",\"contentUrl\":\"https:\/\/nik-teacher.com\/wp-content\/uploads\/2025\/01\/cropped-nicholas-cox.jpg\",\"width\":500,\"height\":430,\"caption\":\"nik-teacher\"},\"image\":{\"@id\":\"https:\/\/nik-teacher.com\/#\/schema\/logo\/image\/\"},\"sameAs\":[\"https:\/\/www.facebook.com\/profile.php?id=61571913159255\",\"https:\/\/www.instagram.com\/nikteacher\/\"]}]}<\/script>\n<!-- \/ Yoast SEO plugin. -->","yoast_head_json":{"title":"FAQ - nik-teacher","robots":{"index":"index","follow":"follow","max-snippet":"max-snippet:-1","max-image-preview":"max-image-preview:large","max-video-preview":"max-video-preview:-1"},"canonical":"https:\/\/nik-teacher.com\/en\/faq\/","og_locale":"en_GB","og_type":"article","og_title":"FAQ - nik-teacher","og_description":"Najcz\u0119\u015bciej zadawane pytania ! Jakich materia\u0142\u00f3w u\u017cywasz?Na lekcje stacjonarne mam szeroki wyb\u00f3r ksi\u0105\u017cek obejmuj\u0105cych r\u00f3\u017cne odmiany j\u0119zyka angielskiego, a tak\u017ce gry zaprojektowane lub odpowiednie do nauki j\u0119zyka. Na lekcje online dysponuj\u0119 bogatym zestawem plik\u00f3w PDF i nagra\u0144 audio, w tym zadaniami takimi jak to, kt\u00f3re mo\u017cna znale\u017a\u0107 na stronie g\u0142\u00f3wnej. Przyk\u0142ady mo\u017cna zobaczy\u0107 na pokazie [&hellip;]","og_url":"https:\/\/nik-teacher.com\/en\/faq\/","og_site_name":"nik-teacher","article_publisher":"https:\/\/www.facebook.com\/profile.php?id=61571913159255","article_modified_time":"2025-01-28T07:17:05+00:00","twitter_card":"summary_large_image","twitter_misc":{"Estimated reading time":"3 minutes"},"schema":{"@context":"https:\/\/schema.org","@graph":[{"@type":"WebPage","@id":"https:\/\/nik-teacher.com\/faq\/","url":"https:\/\/nik-teacher.com\/faq\/","name":"FAQ - nik-teacher","isPartOf":{"@id":"https:\/\/nik-teacher.com\/#website"},"datePublished":"2025-01-18T16:03:51+00:00","dateModified":"2025-01-28T07:17:05+00:00","breadcrumb":{"@id":"https:\/\/nik-teacher.com\/faq\/#breadcrumb"},"inLanguage":"en-GB","potentialAction":[{"@type":"ReadAction","target":["https:\/\/nik-teacher.com\/faq\/"]}]},{"@type":"BreadcrumbList","@id":"https:\/\/nik-teacher.com\/faq\/#breadcrumb","itemListElement":[{"@type":"ListItem","position":1,"name":"Strona g\u0142\u00f3wna","item":"https:\/\/nik-teacher.com\/"},{"@type":"ListItem","position":2,"name":"FAQ"}]},{"@type":"WebSite","@id":"https:\/\/nik-teacher.com\/#website","url":"https:\/\/nik-teacher.com\/","name":"nik-teacher","description":"","publisher":{"@id":"https:\/\/nik-teacher.com\/#organization"},"potentialAction":[{"@type":"SearchAction","target":{"@type":"EntryPoint","urlTemplate":"https:\/\/nik-teacher.com\/?s={search_term_string}"},"query-input":{"@type":"PropertyValueSpecification","valueRequired":true,"valueName":"search_term_string"}}],"inLanguage":"en-GB"},{"@type":"Organization","@id":"https:\/\/nik-teacher.com\/#organization","name":"nik-teacher","url":"https:\/\/nik-teacher.com\/","logo":{"@type":"ImageObject","inLanguage":"en-GB","@id":"https:\/\/nik-teacher.com\/#\/schema\/logo\/image\/","url":"https:\/\/nik-teacher.com\/wp-content\/uploads\/2025\/01\/cropped-nicholas-cox.jpg","contentUrl":"https:\/\/nik-teacher.com\/wp-content\/uploads\/2025\/01\/cropped-nicholas-cox.jpg","width":500,"height":430,"caption":"nik-teacher"},"image":{"@id":"https:\/\/nik-teacher.com\/#\/schema\/logo\/image\/"},"sameAs":["https:\/\/www.facebook.com\/profile.php?id=61571913159255","https:\/\/www.instagram.com\/nikteacher\/"]}]}},"_links":{"self":[{"href":"https:\/\/nik-teacher.com\/en\/wp-json\/wp\/v2\/pages\/133","targetHints":{"allow":["GET"]}}],"collection":[{"href":"https:\/\/nik-teacher.com\/en\/wp-json\/wp\/v2\/pages"}],"about":[{"href":"https:\/\/nik-teacher.com\/en\/wp-json\/wp\/v2\/types\/page"}],"author":[{"embeddable":true,"href":"https:\/\/nik-teacher.com\/en\/wp-json\/wp\/v2\/users\/1"}],"replies":[{"embeddable":true,"href":"https:\/\/nik-teacher.com\/en\/wp-json\/wp\/v2\/comments?post=133"}],"version-history":[{"count":50,"href":"https:\/\/nik-teacher.com\/en\/wp-json\/wp\/v2\/pages\/133\/revisions"}],"predecessor-version":[{"id":2253,"href":"https:\/\/nik-teacher.com\/en\/wp-json\/wp\/v2\/pages\/133\/revisions\/2253"}],"wp:attachment":[{"href":"https:\/\/nik-teacher.com\/en\/wp-json\/wp\/v2\/media?parent=133"}],"curies":[{"name":"wp","href":"https:\/\/api.w.org\/{rel}","templated":true}]}}