{"id":10,"date":"2025-01-18T16:03:51","date_gmt":"2025-01-18T16:03:51","guid":{"rendered":"https:\/\/nik-teacher.com\/about\/"},"modified":"2025-05-14T09:59:58","modified_gmt":"2025-05-14T09:59:58","slug":"o-mnie","status":"publish","type":"page","link":"https:\/\/nik-teacher.com\/en\/o-mnie\/","title":{"rendered":"About me"},"content":{"rendered":"<div data-elementor-type=\"wp-page\" data-elementor-id=\"10\" class=\"elementor elementor-10\">\n\t\t\t\t<div class=\"elementor-element elementor-element-344d2ef e-flex e-con-boxed e-con e-parent\" data-id=\"344d2ef\" data-element_type=\"container\">\n\t\t\t\t\t<div class=\"e-con-inner\">\n\t\t<div class=\"elementor-element elementor-element-3b08778 e-con-full e-flex e-con e-child\" data-id=\"3b08778\" data-element_type=\"container\">\n\t\t\t\t<div class=\"elementor-element elementor-element-02a3ec6 elementor-widget elementor-widget-heading\" data-id=\"02a3ec6\" data-element_type=\"widget\" data-widget_type=\"heading.default\">\n\t\t\t\t<div class=\"elementor-widget-container\">\n\t\t\t\t\t<h2 class=\"elementor-heading-title elementor-size-default\">About me<\/h2>\t\t\t\t<\/div>\n\t\t\t\t<\/div>\n\t\t\t\t<div class=\"elementor-element elementor-element-6df14eb elementor-widget elementor-widget-text-editor\" data-id=\"6df14eb\" data-element_type=\"widget\" data-widget_type=\"text-editor.default\">\n\t\t\t\t<div class=\"elementor-widget-container\">\n\t\t\t\t\t\t\t\t\t<p>I come from London, where I worked as an English teacher, preparing students for <u><a href=\"https:\/\/www.cambridgeenglish.org\/pl\/exams-and-tests\/first\/\" target=\"_blank\" rel=\"noopener\">B2 First<\/a><\/u>, <u><a href=\"https:\/\/www.cambridgeenglish.org\/pl\/exams-and-tests\/advanced\/\" target=\"_blank\" rel=\"noopener\">C1\u00a0 Advanced<\/a><\/u>, <u><a href=\"https:\/\/www.cambridgeenglish.org\/pl\/exams-and-tests\/proficiency\/\" target=\"_blank\" rel=\"noopener\">C2 Proficiency\u00a0<\/a><\/u> and <u><a href=\"https:\/\/www.cambridgeenglish.org\/pl\/exams-and-tests\/ielts\/\" target=\"_blank\" rel=\"noopener\">IELTS exams.<\/a><\/u>I moved to Poland in 2005. I worked in language schools in Rybnik, \u017bory and Racib\u00f3rz, and also taught managers and employees at Elektrownia Rybnik, Ecolab, Mieszko SA and Kennametal. I took part in summer camps in Slovakia and Hungary. I was also a member of the jury of the Florian Nowak Theatre Festival in English at the 1st High School in Rybnik and the Foreign Language Song Contest in Chwa\u0142owice, where I witnessed the debut of the band <u><a href=\"https:\/\/www.facebook.com\/TheOctoberLeaves\/\" target=\"_blank\" rel=\"noopener\">October\u00a0Leaves.<\/a><\/u> In 2011 I graduated with a BA in English Philology from the NKJO in Gliwice.<\/p><p>After returning to England in 2011 I spent 7 years there with my family. I worked in <u><a href=\"https:\/\/www.britishcouncil.org\/education\/accreditation\" target=\"_blank\" rel=\"noopener\">British Council accredited<\/a><\/u>schools and my wife, who is Polish, taught in primary schools and at a <u><a href=\"https:\/\/polskaszkolacroydon.co.uk\/\" target=\"_blank\" rel=\"noopener\">a Saturday school for Polish immigrant children<\/a><\/u> . On Saturday mornings I taught English Literature to teenagers from England. In 2014 I completed an MA in Media, Culture and Identity. As a teacher I have attended numerous training courses including an inspirational seminar in teaching pronunciation led by <u><a href=\"https:\/\/adrianunderhill.com\/about-the-author-adrian-underhill\/\" target=\"_blank\" rel=\"noopener\">Adrian Underhill<\/a><\/u> , the creator of the phonemic chart seen in classrooms worldwide.<\/p><p>I returned to Poland in 2018. Since then I have been teaching in Rybnik and online, collaborating with companies such as Pepsico, Mapal, Bihler and Vlassenroot. I have helped students prepare for their eighth-grade exams, high school exams and bilingual exams, as well as taking part in the <u><a href=\"https:\/\/oja.wsjo.pl\/o-olimpiadzie\/\" target=\"_blank\" rel=\"noopener\">Olimpiadzie J\u0119zyka Angielskiego.<\/a><\/u>\u00a0I have also supported high school students learning history in English. Many of my students from Poland and England continue their education, work or life in the English-speaking world.<\/p><p>I am happy to have settled here as I love Poland and the Polish people. I have a large collection of DVDs of both classic and new series and a large library of books, which allows me to still have a good connection with my home culture. I am interested in history, do cryptic crosswords and enjoy socializing. I am also a long-time fan of <u><a href=\"https:\/\/pl.wikipedia.org\/wiki\/Doktor_Who\" target=\"_blank\" rel=\"noopener\">Doctor Who<\/a><\/u> \u2013 an iconic part of British culture. Maybe some of you share my interests?<\/p>\t\t\t\t\t\t\t\t<\/div>\n\t\t\t\t<\/div>\n\t\t\t\t<\/div>\n\t\t<div class=\"elementor-element elementor-element-82de951 e-con-full e-flex e-con e-child\" data-id=\"82de951\" data-element_type=\"container\">\n\t\t\t\t<div class=\"elementor-element elementor-element-08baf94 elementor-widget elementor-widget-image\" data-id=\"08baf94\" data-element_type=\"widget\" data-widget_type=\"image.default\">\n\t\t\t\t<div class=\"elementor-widget-container\">\n\t\t\t\t\t\t\t\t\t\t\t\t\t\t\t<img fetchpriority=\"high\" decoding=\"async\" width=\"1090\" height=\"1600\" src=\"https:\/\/nik-teacher.com\/wp-content\/uploads\/2025\/01\/WhatsApp-Image-2025-01-17-at-10.31.36.jpeg\" class=\"attachment-full size-full wp-image-1965\" alt=\"\" srcset=\"https:\/\/nik-teacher.com\/wp-content\/uploads\/2025\/01\/WhatsApp-Image-2025-01-17-at-10.31.36.jpeg 1090w, https:\/\/nik-teacher.com\/wp-content\/uploads\/2025\/01\/WhatsApp-Image-2025-01-17-at-10.31.36-204x300.jpeg 204w, https:\/\/nik-teacher.com\/wp-content\/uploads\/2025\/01\/WhatsApp-Image-2025-01-17-at-10.31.36-698x1024.jpeg 698w, https:\/\/nik-teacher.com\/wp-content\/uploads\/2025\/01\/WhatsApp-Image-2025-01-17-at-10.31.36-768x1127.jpeg 768w, https:\/\/nik-teacher.com\/wp-content\/uploads\/2025\/01\/WhatsApp-Image-2025-01-17-at-10.31.36-1046x1536.jpeg 1046w\" sizes=\"(max-width: 1090px) 100vw, 1090px\" \/>\t\t\t\t\t\t\t\t\t\t\t\t\t\t\t<\/div>\n\t\t\t\t<\/div>\n\t\t\t\t<div class=\"elementor-element elementor-element-60d25b6 elementor-widget elementor-widget-image\" data-id=\"60d25b6\" data-element_type=\"widget\" data-widget_type=\"image.default\">\n\t\t\t\t<div class=\"elementor-widget-container\">\n\t\t\t\t\t\t\t\t\t\t\t\t\t\t\t<img decoding=\"async\" width=\"1600\" height=\"1090\" src=\"https:\/\/nik-teacher.com\/wp-content\/uploads\/2025\/01\/WhatsApp-Image-2025-01-17-at-10.31.16.jpeg\" class=\"attachment-full size-full wp-image-1964\" alt=\"\" srcset=\"https:\/\/nik-teacher.com\/wp-content\/uploads\/2025\/01\/WhatsApp-Image-2025-01-17-at-10.31.16.jpeg 1600w, https:\/\/nik-teacher.com\/wp-content\/uploads\/2025\/01\/WhatsApp-Image-2025-01-17-at-10.31.16-300x204.jpeg 300w, https:\/\/nik-teacher.com\/wp-content\/uploads\/2025\/01\/WhatsApp-Image-2025-01-17-at-10.31.16-1024x698.jpeg 1024w, https:\/\/nik-teacher.com\/wp-content\/uploads\/2025\/01\/WhatsApp-Image-2025-01-17-at-10.31.16-768x523.jpeg 768w, https:\/\/nik-teacher.com\/wp-content\/uploads\/2025\/01\/WhatsApp-Image-2025-01-17-at-10.31.16-1536x1046.jpeg 1536w\" sizes=\"(max-width: 1600px) 100vw, 1600px\" \/>\t\t\t\t\t\t\t\t\t\t\t\t\t\t\t<\/div>\n\t\t\t\t<\/div>\n\t\t\t\t<\/div>\n\t\t\t\t\t<\/div>\n\t\t\t\t<\/div>\n\t\t<div class=\"elementor-element elementor-element-33a2489 e-flex e-con-boxed e-con e-parent\" data-id=\"33a2489\" data-element_type=\"container\">\n\t\t\t\t\t<div class=\"e-con-inner\">\n\t\t\t\t\t<\/div>\n\t\t\t\t<\/div>\n\t\t\t\t<\/div>","protected":false},"excerpt":{"rendered":"<p>O mnie Pochodz\u0119 z Londynu, gdzie pracowa\u0142em jako nauczyciel j\u0119zyka angielskiego, prowadz\u0105c zaj\u0119cia przygotowuj\u0105ce do egzamin\u00f3w B2 First, C1\u00a0 Advanced, C2 Proficiency\u00a0 i IELTS. Do Polski przeprowadzi\u0142em si\u0119 w 2005 roku. Pracowa\u0142em w szko\u0142ach j\u0119zykowych w Rybniku, \u017borach i Raciborzu, a tak\u017ce uczy\u0142em mened\u017cer\u00f3w i pracownik\u00f3w w Elektrowni Rybnik, Ecolab, Mieszko S.A. oraz Kennametal. Prowadzi\u0142em [&hellip;]<\/p>","protected":false},"author":1,"featured_media":0,"parent":0,"menu_order":0,"comment_status":"closed","ping_status":"closed","template":"","meta":{"site-sidebar-layout":"no-sidebar","site-content-layout":"page-builder","ast-site-content-layout":"full-width-container","site-content-style":"unboxed","site-sidebar-style":"unboxed","ast-global-header-display":"","ast-banner-title-visibility":"","ast-main-header-display":"","ast-hfb-above-header-display":"","ast-hfb-below-header-display":"","ast-hfb-mobile-header-display":"","site-post-title":"disabled","ast-breadcrumbs-content":"disabled","ast-featured-img":"disabled","footer-sml-layout":"","theme-transparent-header-meta":"enabled","adv-header-id-meta":"","stick-header-meta":"","header-above-stick-meta":"","header-main-stick-meta":"","header-below-stick-meta":"","astra-migrate-meta-layouts":"set","ast-page-background-enabled":"default","ast-page-background-meta":{"desktop":{"background-color":"","background-image":"","background-repeat":"repeat","background-position":"center center","background-size":"auto","background-attachment":"scroll","background-type":"","background-media":"","overlay-type":"","overlay-color":"","overlay-opacity":"","overlay-gradient":""},"tablet":{"background-color":"","background-image":"","background-repeat":"repeat","background-position":"center center","background-size":"auto","background-attachment":"scroll","background-type":"","background-media":"","overlay-type":"","overlay-color":"","overlay-opacity":"","overlay-gradient":""},"mobile":{"background-color":"","background-image":"","background-repeat":"repeat","background-position":"center center","background-size":"auto","background-attachment":"scroll","background-type":"","background-media":"","overlay-type":"","overlay-color":"","overlay-opacity":"","overlay-gradient":""}},"ast-content-background-meta":{"desktop":{"background-color":"var(--ast-global-color-5)","background-image":"","background-repeat":"repeat","background-position":"center center","background-size":"auto","background-attachment":"scroll","background-type":"","background-media":"","overlay-type":"","overlay-color":"","overlay-opacity":"","overlay-gradient":""},"tablet":{"background-color":"var(--ast-global-color-5)","background-image":"","background-repeat":"repeat","background-position":"center center","background-size":"auto","background-attachment":"scroll","background-type":"","background-media":"","overlay-type":"","overlay-color":"","overlay-opacity":"","overlay-gradient":""},"mobile":{"background-color":"var(--ast-global-color-5)","background-image":"","background-repeat":"repeat","background-position":"center center","background-size":"auto","background-attachment":"scroll","background-type":"","background-media":"","overlay-type":"","overlay-color":"","overlay-opacity":"","overlay-gradient":""}},"footnotes":""},"class_list":["post-10","page","type-page","status-publish","hentry"],"yoast_head":"<!-- This site is optimized with the Yoast SEO plugin v25.1 - https:\/\/yoast.com\/wordpress\/plugins\/seo\/ -->\n<title>O mnie - nik-teacher<\/title>\n<meta name=\"robots\" content=\"index, follow, max-snippet:-1, max-image-preview:large, max-video-preview:-1\" \/>\n<link rel=\"canonical\" href=\"https:\/\/nik-teacher.com\/en\/o-mnie\/\" \/>\n<meta property=\"og:locale\" content=\"en_GB\" \/>\n<meta property=\"og:type\" content=\"article\" \/>\n<meta property=\"og:title\" content=\"O mnie - nik-teacher\" \/>\n<meta property=\"og:description\" content=\"O mnie Pochodz\u0119 z Londynu, gdzie pracowa\u0142em jako nauczyciel j\u0119zyka angielskiego, prowadz\u0105c zaj\u0119cia przygotowuj\u0105ce do egzamin\u00f3w B2 First, C1\u00a0 Advanced, C2 Proficiency\u00a0 i IELTS. Do Polski przeprowadzi\u0142em si\u0119 w 2005 roku. Pracowa\u0142em w szko\u0142ach j\u0119zykowych w Rybniku, \u017borach i Raciborzu, a tak\u017ce uczy\u0142em mened\u017cer\u00f3w i pracownik\u00f3w w Elektrowni Rybnik, Ecolab, Mieszko S.A. oraz Kennametal. Prowadzi\u0142em [&hellip;]\" \/>\n<meta property=\"og:url\" content=\"https:\/\/nik-teacher.com\/en\/o-mnie\/\" \/>\n<meta property=\"og:site_name\" content=\"nik-teacher\" \/>\n<meta property=\"article:publisher\" content=\"https:\/\/www.facebook.com\/profile.php?id=61571913159255\" \/>\n<meta property=\"article:modified_time\" content=\"2025-05-14T09:59:58+00:00\" \/>\n<meta property=\"og:image\" content=\"https:\/\/nik-teacher.com\/wp-content\/uploads\/2025\/01\/WhatsApp-Image-2025-01-17-at-10.31.36.jpeg\" \/>\n\t<meta property=\"og:image:width\" content=\"1090\" \/>\n\t<meta property=\"og:image:height\" content=\"1600\" \/>\n\t<meta property=\"og:image:type\" content=\"image\/jpeg\" \/>\n<meta name=\"twitter:card\" content=\"summary_large_image\" \/>\n<meta name=\"twitter:label1\" content=\"Estimated reading time\" \/>\n\t<meta name=\"twitter:data1\" content=\"3 minutes\" \/>\n<script type=\"application\/ld+json\" class=\"yoast-schema-graph\">{\"@context\":\"https:\/\/schema.org\",\"@graph\":[{\"@type\":\"WebPage\",\"@id\":\"https:\/\/nik-teacher.com\/o-mnie\/\",\"url\":\"https:\/\/nik-teacher.com\/o-mnie\/\",\"name\":\"O mnie - nik-teacher\",\"isPartOf\":{\"@id\":\"https:\/\/nik-teacher.com\/#website\"},\"primaryImageOfPage\":{\"@id\":\"https:\/\/nik-teacher.com\/o-mnie\/#primaryimage\"},\"image\":{\"@id\":\"https:\/\/nik-teacher.com\/o-mnie\/#primaryimage\"},\"thumbnailUrl\":\"https:\/\/nik-teacher.com\/wp-content\/uploads\/2025\/01\/WhatsApp-Image-2025-01-17-at-10.31.36.jpeg\",\"datePublished\":\"2025-01-18T16:03:51+00:00\",\"dateModified\":\"2025-05-14T09:59:58+00:00\",\"breadcrumb\":{\"@id\":\"https:\/\/nik-teacher.com\/o-mnie\/#breadcrumb\"},\"inLanguage\":\"en-GB\",\"potentialAction\":[{\"@type\":\"ReadAction\",\"target\":[\"https:\/\/nik-teacher.com\/o-mnie\/\"]}]},{\"@type\":\"ImageObject\",\"inLanguage\":\"en-GB\",\"@id\":\"https:\/\/nik-teacher.com\/o-mnie\/#primaryimage\",\"url\":\"https:\/\/nik-teacher.com\/wp-content\/uploads\/2025\/01\/WhatsApp-Image-2025-01-17-at-10.31.36.jpeg\",\"contentUrl\":\"https:\/\/nik-teacher.com\/wp-content\/uploads\/2025\/01\/WhatsApp-Image-2025-01-17-at-10.31.36.jpeg\"},{\"@type\":\"BreadcrumbList\",\"@id\":\"https:\/\/nik-teacher.com\/o-mnie\/#breadcrumb\",\"itemListElement\":[{\"@type\":\"ListItem\",\"position\":1,\"name\":\"Strona g\u0142\u00f3wna\",\"item\":\"https:\/\/nik-teacher.com\/\"},{\"@type\":\"ListItem\",\"position\":2,\"name\":\"O mnie\"}]},{\"@type\":\"WebSite\",\"@id\":\"https:\/\/nik-teacher.com\/#website\",\"url\":\"https:\/\/nik-teacher.com\/\",\"name\":\"nik-teacher\",\"description\":\"\",\"publisher\":{\"@id\":\"https:\/\/nik-teacher.com\/#organization\"},\"potentialAction\":[{\"@type\":\"SearchAction\",\"target\":{\"@type\":\"EntryPoint\",\"urlTemplate\":\"https:\/\/nik-teacher.com\/?s={search_term_string}\"},\"query-input\":{\"@type\":\"PropertyValueSpecification\",\"valueRequired\":true,\"valueName\":\"search_term_string\"}}],\"inLanguage\":\"en-GB\"},{\"@type\":\"Organization\",\"@id\":\"https:\/\/nik-teacher.com\/#organization\",\"name\":\"nik-teacher\",\"url\":\"https:\/\/nik-teacher.com\/\",\"logo\":{\"@type\":\"ImageObject\",\"inLanguage\":\"en-GB\",\"@id\":\"https:\/\/nik-teacher.com\/#\/schema\/logo\/image\/\",\"url\":\"https:\/\/nik-teacher.com\/wp-content\/uploads\/2025\/01\/cropped-nicholas-cox.jpg\",\"contentUrl\":\"https:\/\/nik-teacher.com\/wp-content\/uploads\/2025\/01\/cropped-nicholas-cox.jpg\",\"width\":500,\"height\":430,\"caption\":\"nik-teacher\"},\"image\":{\"@id\":\"https:\/\/nik-teacher.com\/#\/schema\/logo\/image\/\"},\"sameAs\":[\"https:\/\/www.facebook.com\/profile.php?id=61571913159255\",\"https:\/\/www.instagram.com\/nikteacher\/\"]}]}<\/script>\n<!-- \/ Yoast SEO plugin. -->","yoast_head_json":{"title":"O mnie - nik-teacher","robots":{"index":"index","follow":"follow","max-snippet":"max-snippet:-1","max-image-preview":"max-image-preview:large","max-video-preview":"max-video-preview:-1"},"canonical":"https:\/\/nik-teacher.com\/en\/o-mnie\/","og_locale":"en_GB","og_type":"article","og_title":"O mnie - nik-teacher","og_description":"O mnie Pochodz\u0119 z Londynu, gdzie pracowa\u0142em jako nauczyciel j\u0119zyka angielskiego, prowadz\u0105c zaj\u0119cia przygotowuj\u0105ce do egzamin\u00f3w B2 First, C1\u00a0 Advanced, C2 Proficiency\u00a0 i IELTS. Do Polski przeprowadzi\u0142em si\u0119 w 2005 roku. Pracowa\u0142em w szko\u0142ach j\u0119zykowych w Rybniku, \u017borach i Raciborzu, a tak\u017ce uczy\u0142em mened\u017cer\u00f3w i pracownik\u00f3w w Elektrowni Rybnik, Ecolab, Mieszko S.A. oraz Kennametal. Prowadzi\u0142em [&hellip;]","og_url":"https:\/\/nik-teacher.com\/en\/o-mnie\/","og_site_name":"nik-teacher","article_publisher":"https:\/\/www.facebook.com\/profile.php?id=61571913159255","article_modified_time":"2025-05-14T09:59:58+00:00","og_image":[{"width":1090,"height":1600,"url":"https:\/\/nik-teacher.com\/wp-content\/uploads\/2025\/01\/WhatsApp-Image-2025-01-17-at-10.31.36.jpeg","type":"image\/jpeg"}],"twitter_card":"summary_large_image","twitter_misc":{"Estimated reading time":"3 minutes"},"schema":{"@context":"https:\/\/schema.org","@graph":[{"@type":"WebPage","@id":"https:\/\/nik-teacher.com\/o-mnie\/","url":"https:\/\/nik-teacher.com\/o-mnie\/","name":"O mnie - nik-teacher","isPartOf":{"@id":"https:\/\/nik-teacher.com\/#website"},"primaryImageOfPage":{"@id":"https:\/\/nik-teacher.com\/o-mnie\/#primaryimage"},"image":{"@id":"https:\/\/nik-teacher.com\/o-mnie\/#primaryimage"},"thumbnailUrl":"https:\/\/nik-teacher.com\/wp-content\/uploads\/2025\/01\/WhatsApp-Image-2025-01-17-at-10.31.36.jpeg","datePublished":"2025-01-18T16:03:51+00:00","dateModified":"2025-05-14T09:59:58+00:00","breadcrumb":{"@id":"https:\/\/nik-teacher.com\/o-mnie\/#breadcrumb"},"inLanguage":"en-GB","potentialAction":[{"@type":"ReadAction","target":["https:\/\/nik-teacher.com\/o-mnie\/"]}]},{"@type":"ImageObject","inLanguage":"en-GB","@id":"https:\/\/nik-teacher.com\/o-mnie\/#primaryimage","url":"https:\/\/nik-teacher.com\/wp-content\/uploads\/2025\/01\/WhatsApp-Image-2025-01-17-at-10.31.36.jpeg","contentUrl":"https:\/\/nik-teacher.com\/wp-content\/uploads\/2025\/01\/WhatsApp-Image-2025-01-17-at-10.31.36.jpeg"},{"@type":"BreadcrumbList","@id":"https:\/\/nik-teacher.com\/o-mnie\/#breadcrumb","itemListElement":[{"@type":"ListItem","position":1,"name":"Strona g\u0142\u00f3wna","item":"https:\/\/nik-teacher.com\/"},{"@type":"ListItem","position":2,"name":"O mnie"}]},{"@type":"WebSite","@id":"https:\/\/nik-teacher.com\/#website","url":"https:\/\/nik-teacher.com\/","name":"nik-teacher","description":"","publisher":{"@id":"https:\/\/nik-teacher.com\/#organization"},"potentialAction":[{"@type":"SearchAction","target":{"@type":"EntryPoint","urlTemplate":"https:\/\/nik-teacher.com\/?s={search_term_string}"},"query-input":{"@type":"PropertyValueSpecification","valueRequired":true,"valueName":"search_term_string"}}],"inLanguage":"en-GB"},{"@type":"Organization","@id":"https:\/\/nik-teacher.com\/#organization","name":"nik-teacher","url":"https:\/\/nik-teacher.com\/","logo":{"@type":"ImageObject","inLanguage":"en-GB","@id":"https:\/\/nik-teacher.com\/#\/schema\/logo\/image\/","url":"https:\/\/nik-teacher.com\/wp-content\/uploads\/2025\/01\/cropped-nicholas-cox.jpg","contentUrl":"https:\/\/nik-teacher.com\/wp-content\/uploads\/2025\/01\/cropped-nicholas-cox.jpg","width":500,"height":430,"caption":"nik-teacher"},"image":{"@id":"https:\/\/nik-teacher.com\/#\/schema\/logo\/image\/"},"sameAs":["https:\/\/www.facebook.com\/profile.php?id=61571913159255","https:\/\/www.instagram.com\/nikteacher\/"]}]}},"_links":{"self":[{"href":"https:\/\/nik-teacher.com\/en\/wp-json\/wp\/v2\/pages\/10","targetHints":{"allow":["GET"]}}],"collection":[{"href":"https:\/\/nik-teacher.com\/en\/wp-json\/wp\/v2\/pages"}],"about":[{"href":"https:\/\/nik-teacher.com\/en\/wp-json\/wp\/v2\/types\/page"}],"author":[{"embeddable":true,"href":"https:\/\/nik-teacher.com\/en\/wp-json\/wp\/v2\/users\/1"}],"replies":[{"embeddable":true,"href":"https:\/\/nik-teacher.com\/en\/wp-json\/wp\/v2\/comments?post=10"}],"version-history":[{"count":86,"href":"https:\/\/nik-teacher.com\/en\/wp-json\/wp\/v2\/pages\/10\/revisions"}],"predecessor-version":[{"id":2274,"href":"https:\/\/nik-teacher.com\/en\/wp-json\/wp\/v2\/pages\/10\/revisions\/2274"}],"wp:attachment":[{"href":"https:\/\/nik-teacher.com\/en\/wp-json\/wp\/v2\/media?parent=10"}],"curies":[{"name":"wp","href":"https:\/\/api.w.org\/{rel}","templated":true}]}}